{"id":65,"date":"2021-07-09T20:54:00","date_gmt":"2021-07-09T18:54:00","guid":{"rendered":"https:\/\/frauenaerztin-dr-kellner.at\/?page_id=65"},"modified":"2026-03-18T17:32:46","modified_gmt":"2026-03-18T16:32:46","slug":"impressum","status":"publish","type":"page","link":"https:\/\/test.frauenaerztin-dr-kellner.at\/ru\/impressum\/","title":{"rendered":"\u0414\u0430\u043d\u043d\u044b\u0435"},"content":{"rendered":"<p><strong>Diensteanbieter und Medieninhaber:<\/strong> Dr. med.univ. Alevtina Kellner<br><strong>Adresse:<\/strong> 1230 Wien, Anton Baumgartner Str. 44\/Top 55<br><strong>Email an den Web-Administrator:<\/strong> ordination(\u00e4t)kellner(Punkt)at<br><strong>Homepage:<\/strong> frauenaerztin-dr-kellner.at<br><strong>Berufsbezeichnung:<\/strong> Fach\u00e4rztin f\u00fcr Frauenheilkunde und Geburtshilfe<br>(verliehen in \u00d6sterreich)<br>Die T\u00e4tigkeit unterliegt dem \u00c4rztegesetz 1998\u00a0<br>(siehe <a href=\"http:\/\/www.ris.bka.gv.at\/bundesrecht\" target=\"_blank\" rel=\"noreferrer noopener\">http:\/\/www.ris.bka.gv.at\/bundesrecht<\/a>)<br>Zust\u00e4ndige Standesvertretung: \u00c4rztekammer Wien, <\/p>\n\n\n\n<h2 class=\"wp-block-heading\"><strong>Haftungsausschluss<\/strong><\/h2>\n\n\n\n<p>Die Inhalte unserer Website wurden mit gr\u00f6\u00dfter Sorgfalt erstellt. Dennoch k\u00f6nnen wir keine Gew\u00e4hr f\u00fcr die Richtigkeit, Vollst\u00e4ndigkeit und Aktualit\u00e4t der Inhalte \u00fcbernehmen.<br>Als Diensteanbieter sind wir f\u00fcr eigene Inhalte auf diesen Seiten nach den allgemeinen Gesetzen verantwortlich. Wir sind jedoch nicht verpflichtet, \u00fcbermittelte oder gespeicherte fremde Informationen zu \u00fcberwachen oder nach Umst\u00e4nden zu forschen, die auf eine rechtswidrige T\u00e4tigkeit hinweisen.<br>Sollten uns Rechtsverletzungen bekannt werden, werden wir derartige Inhalte umgehend entfernen.<\/p>\n\n\n\n<h2 class=\"wp-block-heading\">Links<\/h2>\n\n\n\n<p>F\u00fcr Links auf unseren Webseiten zu externen Websites Dritter, auf deren Inhalte wir keinen Einfluss haben, \u00fcbernehmen wir keine Gew\u00e4hr.<br>F\u00fcr die Inhalte der verlinkten Seiten ist stets der jeweilige Anbieter oder Betreiber der Seiten verantwortlich. Die verlinkten Seiten wurden zum Zeitpunkt der Verlinkung auf m\u00f6gliche Rechtsverst\u00f6\u00dfe \u00fcberpr\u00fcft. Rechtswidrige Inhalte waren zum Zeitpunkt der Verlinkung nicht erkennbar.<br>Eine permanente inhaltliche Kontrolle der verlinkten Seiten ist jedoch ohne konkrete Anhaltspunkte einer Rechtsverletzung nicht zumutbar. Bei Bekanntwerden von Rechtsverletzungen werden wir derartige Links umgehend entfernen.<\/p>\n\n\n\n<p><\/p>","protected":false},"excerpt":{"rendered":"<p>Diensteanbieter und Medieninhaber: Dr. med.univ. Alevtina KellnerAdresse: 1230 Wien, Anton Baumgartner Str. 44\/Top 55Email an den Web-Administrator: ordination(\u00e4t)kellner(Punkt)atHomepage: frauenaerztin-dr-kellner.atBerufsbezeichnung: Fach\u00e4rztin f\u00fcr Frauenheilkunde und Geburtshilfe(verliehen in \u00d6sterreich)Die T\u00e4tigkeit unterliegt dem \u00c4rztegesetz 1998\u00a0(siehe http:\/\/www.ris.bka.gv.at\/bundesrecht)Zust\u00e4ndige Standesvertretung: \u00c4rztekammer Wien, Haftungsausschluss Die Inhalte unserer Website wurden mit gr\u00f6\u00dfter Sorgfalt erstellt. Dennoch k\u00f6nnen wir keine Gew\u00e4hr f\u00fcr die Richtigkeit, Vollst\u00e4ndigkeit und&#8230;<\/p>","protected":false},"author":1,"featured_media":0,"parent":0,"menu_order":0,"comment_status":"closed","ping_status":"closed","template":"","meta":{"footnotes":""},"class_list":["post-65","page","type-page","status-publish","hentry"],"yoast_head":"<!-- This site is optimized with the Yoast SEO plugin v27.3 - https:\/\/yoast.com\/product\/yoast-seo-wordpress\/ -->\n<title>Impressum - Dr. Alevtina Kellner - Frauen\u00e4rztin<\/title>\n<meta name=\"robots\" content=\"index, follow, max-snippet:-1, max-image-preview:large, max-video-preview:-1\" \/>\n<link rel=\"canonical\" href=\"https:\/\/test.frauenaerztin-dr-kellner.at\/ru\/impressum\/\" \/>\n<meta property=\"og:locale\" content=\"ru_RU\" \/>\n<meta property=\"og:type\" content=\"article\" \/>\n<meta property=\"og:title\" content=\"Impressum - Dr. Alevtina Kellner - Frauen\u00e4rztin\" \/>\n<meta property=\"og:description\" content=\"Diensteanbieter und Medieninhaber: Dr. med.univ. Alevtina KellnerAdresse: 1230 Wien, Anton Baumgartner Str. 44\/Top 55Email an den Web-Administrator: ordination(\u00e4t)kellner(Punkt)atHomepage: frauenaerztin-dr-kellner.atBerufsbezeichnung: Fach\u00e4rztin f\u00fcr Frauenheilkunde und Geburtshilfe(verliehen in \u00d6sterreich)Die T\u00e4tigkeit unterliegt dem \u00c4rztegesetz 1998\u00a0(siehe http:\/\/www.ris.bka.gv.at\/bundesrecht)Zust\u00e4ndige Standesvertretung: \u00c4rztekammer Wien, Haftungsausschluss Die Inhalte unserer Website wurden mit gr\u00f6\u00dfter Sorgfalt erstellt. Dennoch k\u00f6nnen wir keine Gew\u00e4hr f\u00fcr die Richtigkeit, Vollst\u00e4ndigkeit und...\" \/>\n<meta property=\"og:url\" content=\"https:\/\/test.frauenaerztin-dr-kellner.at\/ru\/impressum\/\" \/>\n<meta property=\"og:site_name\" content=\"Dr. Alevtina Kellner - Frauen\u00e4rztin\" \/>\n<meta property=\"article:modified_time\" content=\"2026-03-18T16:32:46+00:00\" \/>\n<meta name=\"twitter:card\" content=\"summary_large_image\" \/>\n<meta name=\"twitter:label1\" content=\"\u041f\u0440\u0438\u043c\u0435\u0440\u043d\u043e\u0435 \u0432\u0440\u0435\u043c\u044f \u0434\u043b\u044f \u0447\u0442\u0435\u043d\u0438\u044f\" \/>\n\t<meta name=\"twitter:data1\" content=\"1 \u043c\u0438\u043d\u0443\u0442\u0430\" \/>\n<script type=\"application\/ld+json\" class=\"yoast-schema-graph\">{\"@context\":\"https:\\\/\\\/schema.org\",\"@graph\":[{\"@type\":\"WebPage\",\"@id\":\"https:\\\/\\\/test.frauenaerztin-dr-kellner.at\\\/impressum\\\/\",\"url\":\"https:\\\/\\\/test.frauenaerztin-dr-kellner.at\\\/impressum\\\/\",\"name\":\"Impressum - Dr. Alevtina Kellner - Frauen\u00e4rztin\",\"isPartOf\":{\"@id\":\"https:\\\/\\\/test.frauenaerztin-dr-kellner.at\\\/#website\"},\"datePublished\":\"2021-07-09T18:54:00+00:00\",\"dateModified\":\"2026-03-18T16:32:46+00:00\",\"breadcrumb\":{\"@id\":\"https:\\\/\\\/test.frauenaerztin-dr-kellner.at\\\/impressum\\\/#breadcrumb\"},\"inLanguage\":\"ru-RU\",\"potentialAction\":[{\"@type\":\"ReadAction\",\"target\":[\"https:\\\/\\\/test.frauenaerztin-dr-kellner.at\\\/impressum\\\/\"]}]},{\"@type\":\"BreadcrumbList\",\"@id\":\"https:\\\/\\\/test.frauenaerztin-dr-kellner.at\\\/impressum\\\/#breadcrumb\",\"itemListElement\":[{\"@type\":\"ListItem\",\"position\":1,\"name\":\"Startseite\",\"item\":\"https:\\\/\\\/test.frauenaerztin-dr-kellner.at\\\/\"},{\"@type\":\"ListItem\",\"position\":2,\"name\":\"Impressum\"}]},{\"@type\":\"WebSite\",\"@id\":\"https:\\\/\\\/test.frauenaerztin-dr-kellner.at\\\/#website\",\"url\":\"https:\\\/\\\/test.frauenaerztin-dr-kellner.at\\\/\",\"name\":\"Dr. Alevtina Kellner - Frauen\u00e4rztin\",\"description\":\"Fach\u00e4rztin f\u00fcr Frauenheilkunde und Geburtshilfe (Gyn\u00e4kologie)\",\"potentialAction\":[{\"@type\":\"SearchAction\",\"target\":{\"@type\":\"EntryPoint\",\"urlTemplate\":\"https:\\\/\\\/test.frauenaerztin-dr-kellner.at\\\/?s={search_term_string}\"},\"query-input\":{\"@type\":\"PropertyValueSpecification\",\"valueRequired\":true,\"valueName\":\"search_term_string\"}}],\"inLanguage\":\"ru-RU\"}]}<\/script>\n<!-- \/ Yoast SEO plugin. -->","yoast_head_json":{"title":"Impressum - Dr. Alevtina Kellner - Frauen\u00e4rztin","robots":{"index":"index","follow":"follow","max-snippet":"max-snippet:-1","max-image-preview":"max-image-preview:large","max-video-preview":"max-video-preview:-1"},"canonical":"https:\/\/test.frauenaerztin-dr-kellner.at\/ru\/impressum\/","og_locale":"ru_RU","og_type":"article","og_title":"Impressum - Dr. Alevtina Kellner - Frauen\u00e4rztin","og_description":"Diensteanbieter und Medieninhaber: Dr. med.univ. Alevtina KellnerAdresse: 1230 Wien, Anton Baumgartner Str. 44\/Top 55Email an den Web-Administrator: ordination(\u00e4t)kellner(Punkt)atHomepage: frauenaerztin-dr-kellner.atBerufsbezeichnung: Fach\u00e4rztin f\u00fcr Frauenheilkunde und Geburtshilfe(verliehen in \u00d6sterreich)Die T\u00e4tigkeit unterliegt dem \u00c4rztegesetz 1998\u00a0(siehe http:\/\/www.ris.bka.gv.at\/bundesrecht)Zust\u00e4ndige Standesvertretung: \u00c4rztekammer Wien, Haftungsausschluss Die Inhalte unserer Website wurden mit gr\u00f6\u00dfter Sorgfalt erstellt. Dennoch k\u00f6nnen wir keine Gew\u00e4hr f\u00fcr die Richtigkeit, Vollst\u00e4ndigkeit und...","og_url":"https:\/\/test.frauenaerztin-dr-kellner.at\/ru\/impressum\/","og_site_name":"Dr. Alevtina Kellner - Frauen\u00e4rztin","article_modified_time":"2026-03-18T16:32:46+00:00","twitter_card":"summary_large_image","twitter_misc":{"\u041f\u0440\u0438\u043c\u0435\u0440\u043d\u043e\u0435 \u0432\u0440\u0435\u043c\u044f \u0434\u043b\u044f \u0447\u0442\u0435\u043d\u0438\u044f":"1 \u043c\u0438\u043d\u0443\u0442\u0430"},"schema":{"@context":"https:\/\/schema.org","@graph":[{"@type":"WebPage","@id":"https:\/\/test.frauenaerztin-dr-kellner.at\/impressum\/","url":"https:\/\/test.frauenaerztin-dr-kellner.at\/impressum\/","name":"Impressum - Dr. Alevtina Kellner - Frauen\u00e4rztin","isPartOf":{"@id":"https:\/\/test.frauenaerztin-dr-kellner.at\/#website"},"datePublished":"2021-07-09T18:54:00+00:00","dateModified":"2026-03-18T16:32:46+00:00","breadcrumb":{"@id":"https:\/\/test.frauenaerztin-dr-kellner.at\/impressum\/#breadcrumb"},"inLanguage":"ru-RU","potentialAction":[{"@type":"ReadAction","target":["https:\/\/test.frauenaerztin-dr-kellner.at\/impressum\/"]}]},{"@type":"BreadcrumbList","@id":"https:\/\/test.frauenaerztin-dr-kellner.at\/impressum\/#breadcrumb","itemListElement":[{"@type":"ListItem","position":1,"name":"Startseite","item":"https:\/\/test.frauenaerztin-dr-kellner.at\/"},{"@type":"ListItem","position":2,"name":"Impressum"}]},{"@type":"WebSite","@id":"https:\/\/test.frauenaerztin-dr-kellner.at\/#website","url":"https:\/\/test.frauenaerztin-dr-kellner.at\/","name":"Dr. Alevtina Kellner - Frauen\u00e4rztin","description":"\u0412\u0440\u0430\u0447 \u0430\u043a\u0443\u0448\u0435\u0440 - \u0433\u0438\u043d\u0435\u043a\u043e\u043b\u043e\u0433","potentialAction":[{"@type":"SearchAction","target":{"@type":"EntryPoint","urlTemplate":"https:\/\/test.frauenaerztin-dr-kellner.at\/?s={search_term_string}"},"query-input":{"@type":"PropertyValueSpecification","valueRequired":true,"valueName":"search_term_string"}}],"inLanguage":"ru-RU"}]}},"_links":{"self":[{"href":"https:\/\/test.frauenaerztin-dr-kellner.at\/ru\/wp-json\/wp\/v2\/pages\/65","targetHints":{"allow":["GET"]}}],"collection":[{"href":"https:\/\/test.frauenaerztin-dr-kellner.at\/ru\/wp-json\/wp\/v2\/pages"}],"about":[{"href":"https:\/\/test.frauenaerztin-dr-kellner.at\/ru\/wp-json\/wp\/v2\/types\/page"}],"author":[{"embeddable":true,"href":"https:\/\/test.frauenaerztin-dr-kellner.at\/ru\/wp-json\/wp\/v2\/users\/1"}],"replies":[{"embeddable":true,"href":"https:\/\/test.frauenaerztin-dr-kellner.at\/ru\/wp-json\/wp\/v2\/comments?post=65"}],"version-history":[{"count":1,"href":"https:\/\/test.frauenaerztin-dr-kellner.at\/ru\/wp-json\/wp\/v2\/pages\/65\/revisions"}],"predecessor-version":[{"id":608,"href":"https:\/\/test.frauenaerztin-dr-kellner.at\/ru\/wp-json\/wp\/v2\/pages\/65\/revisions\/608"}],"wp:attachment":[{"href":"https:\/\/test.frauenaerztin-dr-kellner.at\/ru\/wp-json\/wp\/v2\/media?parent=65"}],"curies":[{"name":"wp","href":"https:\/\/api.w.org\/{rel}","templated":true}]}}