{"id":6,"date":"2021-07-05T11:25:37","date_gmt":"2021-07-05T09:25:37","guid":{"rendered":"https:\/\/frauenaerztin-dr-kellner.at\/?page_id=6"},"modified":"2026-03-07T18:56:25","modified_gmt":"2026-03-07T17:56:25","slug":"ueber-mich","status":"publish","type":"page","link":"https:\/\/test.frauenaerztin-dr-kellner.at\/ru\/ueber-mich\/","title":{"rendered":"\u041e\u0431\u043e \u043c\u043d\u0435"},"content":{"rendered":"<ul class=\"wp-block-list\">\n<li>Ausbildung an der medizinischen Universit\u00e4t in Tver (Russland)<\/li>\n\n\n\n<li>\u0414\u0430\u043b\u044c\u043d\u0435\u0439\u0448\u0430\u044f \u0440\u0430\u0431\u043e\u0442\u0430 \u0438 \u043e\u0431\u0443\u0447\u0435\u043d\u0438\u0435 \u0432 \u041a\u0438\u0435\u0431\u0435 (\u0423\u043a\u0440\u0430\u0438\u043d\u0430) \u0438 \u0440\u0430\u0431\u043e\u0442\u0430<\/li>\n\n\n\n<li>Weiterbildung und T\u00e4tigkeit im Entbindungshaus Nr. 11 in Moskau<\/li>\n\n\n\n<li>2004 \u00dcbersiedelung nach \u00d6sterreich und anschlie\u00dfend Nostrifizierung<\/li>\n\n\n\n<li>Assistenzarzt auf der gyn\u00e4kologischen Abteilung im Krankenhaus Freistadt (Ober\u00f6sterreich)<\/li>\n\n\n\n<li>2019 \u0414\u0438\u043f\u043b\u043e\u043c \u0441\u043f\u0435\u0446\u0438\u0430\u043b\u0438\u0441\u0442\u0430 \u043f\u043e \u0433\u0438\u043d\u0435\u043a\u043e\u043b\u043e\u0433\u0438\u0438 \u0438 \u0430\u043a\u0443\u0448\u0435\u0440\u0441\u0442\u0432\u0443<\/li>\n\n\n\n<li>danach T\u00e4tigkeit als Wahlarzt und Vertretung in einer Kassenordination<\/li>\n\n\n\n<li>2022 Er\u00f6ffnung der eigenen Kassenordination in 1230 Wien, Alt Erlaa<\/li>\n<\/ul>\n\n\n\n<p><\/p>","protected":false},"excerpt":{"rendered":"","protected":false},"author":1,"featured_media":0,"parent":0,"menu_order":0,"comment_status":"closed","ping_status":"closed","template":"","meta":{"footnotes":""},"class_list":["post-6","page","type-page","status-publish","hentry"],"yoast_head":"<!-- This site is optimized with the Yoast SEO plugin v27.3 - https:\/\/yoast.com\/product\/yoast-seo-wordpress\/ -->\n<title>Dr. Alevtina Kellner - Frauen\u00e4rztin<\/title>\n<meta name=\"description\" content=\"Fach\u00e4rztin f\u00fcr Frauenheilkunde und Geburtshilfe - Gyn\u00e4kologie\" \/>\n<meta name=\"robots\" content=\"index, follow, max-snippet:-1, max-image-preview:large, max-video-preview:-1\" \/>\n<link rel=\"canonical\" href=\"https:\/\/test.frauenaerztin-dr-kellner.at\/ru\/ueber-mich\/\" \/>\n<meta property=\"og:locale\" content=\"ru_RU\" \/>\n<meta property=\"og:type\" content=\"article\" \/>\n<meta property=\"og:title\" content=\"Dr. Alevtina Kellner - Frauen\u00e4rztin\" \/>\n<meta property=\"og:description\" content=\"Fach\u00e4rztin f\u00fcr Frauenheilkunde und Geburtshilfe - Gyn\u00e4kologie\" \/>\n<meta property=\"og:url\" content=\"https:\/\/test.frauenaerztin-dr-kellner.at\/ru\/ueber-mich\/\" \/>\n<meta property=\"og:site_name\" content=\"Dr. Alevtina Kellner - Frauen\u00e4rztin\" \/>\n<meta property=\"article:modified_time\" content=\"2026-03-07T17:56:25+00:00\" \/>\n<meta name=\"twitter:card\" content=\"summary_large_image\" \/>\n<meta name=\"twitter:label1\" content=\"\u041f\u0440\u0438\u043c\u0435\u0440\u043d\u043e\u0435 \u0432\u0440\u0435\u043c\u044f \u0434\u043b\u044f \u0447\u0442\u0435\u043d\u0438\u044f\" \/>\n\t<meta name=\"twitter:data1\" content=\"1 \u043c\u0438\u043d\u0443\u0442\u0430\" \/>\n<script type=\"application\/ld+json\" class=\"yoast-schema-graph\">{\"@context\":\"https:\\\/\\\/schema.org\",\"@graph\":[{\"@type\":\"WebPage\",\"@id\":\"https:\\\/\\\/test.frauenaerztin-dr-kellner.at\\\/ueber-mich\\\/\",\"url\":\"https:\\\/\\\/test.frauenaerztin-dr-kellner.at\\\/ueber-mich\\\/\",\"name\":\"Dr. Alevtina Kellner - Frauen\u00e4rztin\",\"isPartOf\":{\"@id\":\"https:\\\/\\\/test.frauenaerztin-dr-kellner.at\\\/#website\"},\"datePublished\":\"2021-07-05T09:25:37+00:00\",\"dateModified\":\"2026-03-07T17:56:25+00:00\",\"description\":\"Fach\u00e4rztin f\u00fcr Frauenheilkunde und Geburtshilfe - Gyn\u00e4kologie\",\"breadcrumb\":{\"@id\":\"https:\\\/\\\/test.frauenaerztin-dr-kellner.at\\\/ueber-mich\\\/#breadcrumb\"},\"inLanguage\":\"ru-RU\",\"potentialAction\":[{\"@type\":\"ReadAction\",\"target\":[\"https:\\\/\\\/test.frauenaerztin-dr-kellner.at\\\/ueber-mich\\\/\"]}]},{\"@type\":\"BreadcrumbList\",\"@id\":\"https:\\\/\\\/test.frauenaerztin-dr-kellner.at\\\/ueber-mich\\\/#breadcrumb\",\"itemListElement\":[{\"@type\":\"ListItem\",\"position\":1,\"name\":\"Startseite\",\"item\":\"https:\\\/\\\/test.frauenaerztin-dr-kellner.at\\\/\"},{\"@type\":\"ListItem\",\"position\":2,\"name\":\"\u00dcber mich\"}]},{\"@type\":\"WebSite\",\"@id\":\"https:\\\/\\\/test.frauenaerztin-dr-kellner.at\\\/#website\",\"url\":\"https:\\\/\\\/test.frauenaerztin-dr-kellner.at\\\/\",\"name\":\"Dr. Alevtina Kellner - Frauen\u00e4rztin\",\"description\":\"Fach\u00e4rztin f\u00fcr Frauenheilkunde und Geburtshilfe (Gyn\u00e4kologie)\",\"potentialAction\":[{\"@type\":\"SearchAction\",\"target\":{\"@type\":\"EntryPoint\",\"urlTemplate\":\"https:\\\/\\\/test.frauenaerztin-dr-kellner.at\\\/?s={search_term_string}\"},\"query-input\":{\"@type\":\"PropertyValueSpecification\",\"valueRequired\":true,\"valueName\":\"search_term_string\"}}],\"inLanguage\":\"ru-RU\"}]}<\/script>\n<!-- \/ Yoast SEO plugin. -->","yoast_head_json":{"title":"Dr. Alevtina Kellner - Frauen\u00e4rztin","description":"Fach\u00e4rztin f\u00fcr Frauenheilkunde und Geburtshilfe - Gyn\u00e4kologie","robots":{"index":"index","follow":"follow","max-snippet":"max-snippet:-1","max-image-preview":"max-image-preview:large","max-video-preview":"max-video-preview:-1"},"canonical":"https:\/\/test.frauenaerztin-dr-kellner.at\/ru\/ueber-mich\/","og_locale":"ru_RU","og_type":"article","og_title":"Dr. Alevtina Kellner - Frauen\u00e4rztin","og_description":"Fach\u00e4rztin f\u00fcr Frauenheilkunde und Geburtshilfe - Gyn\u00e4kologie","og_url":"https:\/\/test.frauenaerztin-dr-kellner.at\/ru\/ueber-mich\/","og_site_name":"Dr. Alevtina Kellner - Frauen\u00e4rztin","article_modified_time":"2026-03-07T17:56:25+00:00","twitter_card":"summary_large_image","twitter_misc":{"\u041f\u0440\u0438\u043c\u0435\u0440\u043d\u043e\u0435 \u0432\u0440\u0435\u043c\u044f \u0434\u043b\u044f \u0447\u0442\u0435\u043d\u0438\u044f":"1 \u043c\u0438\u043d\u0443\u0442\u0430"},"schema":{"@context":"https:\/\/schema.org","@graph":[{"@type":"WebPage","@id":"https:\/\/test.frauenaerztin-dr-kellner.at\/ueber-mich\/","url":"https:\/\/test.frauenaerztin-dr-kellner.at\/ueber-mich\/","name":"Dr. Alevtina Kellner - Frauen\u00e4rztin","isPartOf":{"@id":"https:\/\/test.frauenaerztin-dr-kellner.at\/#website"},"datePublished":"2021-07-05T09:25:37+00:00","dateModified":"2026-03-07T17:56:25+00:00","description":"Fach\u00e4rztin f\u00fcr Frauenheilkunde und Geburtshilfe - Gyn\u00e4kologie","breadcrumb":{"@id":"https:\/\/test.frauenaerztin-dr-kellner.at\/ueber-mich\/#breadcrumb"},"inLanguage":"ru-RU","potentialAction":[{"@type":"ReadAction","target":["https:\/\/test.frauenaerztin-dr-kellner.at\/ueber-mich\/"]}]},{"@type":"BreadcrumbList","@id":"https:\/\/test.frauenaerztin-dr-kellner.at\/ueber-mich\/#breadcrumb","itemListElement":[{"@type":"ListItem","position":1,"name":"Startseite","item":"https:\/\/test.frauenaerztin-dr-kellner.at\/"},{"@type":"ListItem","position":2,"name":"\u00dcber mich"}]},{"@type":"WebSite","@id":"https:\/\/test.frauenaerztin-dr-kellner.at\/#website","url":"https:\/\/test.frauenaerztin-dr-kellner.at\/","name":"Dr. Alevtina Kellner - Frauen\u00e4rztin","description":"\u0412\u0440\u0430\u0447 \u0430\u043a\u0443\u0448\u0435\u0440 - \u0433\u0438\u043d\u0435\u043a\u043e\u043b\u043e\u0433","potentialAction":[{"@type":"SearchAction","target":{"@type":"EntryPoint","urlTemplate":"https:\/\/test.frauenaerztin-dr-kellner.at\/?s={search_term_string}"},"query-input":{"@type":"PropertyValueSpecification","valueRequired":true,"valueName":"search_term_string"}}],"inLanguage":"ru-RU"}]}},"_links":{"self":[{"href":"https:\/\/test.frauenaerztin-dr-kellner.at\/ru\/wp-json\/wp\/v2\/pages\/6","targetHints":{"allow":["GET"]}}],"collection":[{"href":"https:\/\/test.frauenaerztin-dr-kellner.at\/ru\/wp-json\/wp\/v2\/pages"}],"about":[{"href":"https:\/\/test.frauenaerztin-dr-kellner.at\/ru\/wp-json\/wp\/v2\/types\/page"}],"author":[{"embeddable":true,"href":"https:\/\/test.frauenaerztin-dr-kellner.at\/ru\/wp-json\/wp\/v2\/users\/1"}],"replies":[{"embeddable":true,"href":"https:\/\/test.frauenaerztin-dr-kellner.at\/ru\/wp-json\/wp\/v2\/comments?post=6"}],"version-history":[{"count":1,"href":"https:\/\/test.frauenaerztin-dr-kellner.at\/ru\/wp-json\/wp\/v2\/pages\/6\/revisions"}],"predecessor-version":[{"id":563,"href":"https:\/\/test.frauenaerztin-dr-kellner.at\/ru\/wp-json\/wp\/v2\/pages\/6\/revisions\/563"}],"wp:attachment":[{"href":"https:\/\/test.frauenaerztin-dr-kellner.at\/ru\/wp-json\/wp\/v2\/media?parent=6"}],"curies":[{"name":"wp","href":"https:\/\/api.w.org\/{rel}","templated":true}]}}