{"id":473,"date":"2022-12-02T00:15:00","date_gmt":"2022-12-01T23:15:00","guid":{"rendered":"https:\/\/frauenaerztin-dr-kellner.at\/?page_id=473"},"modified":"2026-03-07T18:32:56","modified_gmt":"2026-03-07T17:32:56","slug":"kontakt-2","status":"publish","type":"page","link":"https:\/\/test.frauenaerztin-dr-kellner.at\/ru\/kontakt-2\/","title":{"rendered":"\u041a\u043e\u043d\u0442\u0430\u043a\u0442"},"content":{"rendered":"<p>F\u00fcr eine <strong>Terminvereinbarung <\/strong>nutzen Sie bitte die \n\n<a href=\"https:\/\/termin.docfinder.at\/booking\/dr-alevtina-kellner-26yzgb1e5\" target=\"_blank\" rel=\"noreferrer noopener\">\n<mark style=\"background-color:rgba(0, 0, 0, 0)\" class=\"has-inline-color has-vivid-cyan-blue-color dfbook-booking-link\">Online-Reservierung<\/mark><\/a>. Kommen Sie bitte nicht ohne Termin in die Ordination.<br>Sie k\u00f6nnen uns auch telefonisch unter der Nummer +43 (0)1 890 20 80 w\u00e4hrend der Ordinationszeiten erreichen. Aufgrund von \u00dcberlastungen kann es hier zu l\u00e4ngeren Wartezeiten kommen.<\/p>\n\n\n\n<p><\/p>","protected":false},"excerpt":{"rendered":"<p>F\u00fcr eine Terminvereinbarung nutzen Sie bitte die Online-Reservierung. Kommen Sie bitte nicht ohne Termin in die Ordination.Sie k\u00f6nnen uns auch telefonisch unter der Nummer +43 (0)1 890 20 80 w\u00e4hrend der Ordinationszeiten erreichen. Aufgrund von \u00dcberlastungen kann es hier zu l\u00e4ngeren Wartezeiten kommen.<\/p>","protected":false},"author":1,"featured_media":0,"parent":0,"menu_order":0,"comment_status":"closed","ping_status":"closed","template":"","meta":{"footnotes":""},"class_list":["post-473","page","type-page","status-publish","hentry"],"yoast_head":"<!-- This site is optimized with the Yoast SEO plugin v27.3 - https:\/\/yoast.com\/product\/yoast-seo-wordpress\/ -->\n<title>Kontakt - Dr. Alevtina Kellner - Frauen\u00e4rztin<\/title>\n<meta name=\"robots\" content=\"index, follow, max-snippet:-1, max-image-preview:large, max-video-preview:-1\" \/>\n<link rel=\"canonical\" href=\"https:\/\/test.frauenaerztin-dr-kellner.at\/ru\/kontakt-2\/\" \/>\n<meta property=\"og:locale\" content=\"ru_RU\" \/>\n<meta property=\"og:type\" content=\"article\" \/>\n<meta property=\"og:title\" content=\"Kontakt - Dr. Alevtina Kellner - Frauen\u00e4rztin\" \/>\n<meta property=\"og:description\" content=\"F\u00fcr eine Terminvereinbarung nutzen Sie bitte die Online-Reservierung. Kommen Sie bitte nicht ohne Termin in die Ordination.Sie k\u00f6nnen uns auch telefonisch unter der Nummer +43 (0)1 890 20 80 w\u00e4hrend der Ordinationszeiten erreichen. Aufgrund von \u00dcberlastungen kann es hier zu l\u00e4ngeren Wartezeiten kommen.\" \/>\n<meta property=\"og:url\" content=\"https:\/\/test.frauenaerztin-dr-kellner.at\/ru\/kontakt-2\/\" \/>\n<meta property=\"og:site_name\" content=\"Dr. Alevtina Kellner - Frauen\u00e4rztin\" \/>\n<meta property=\"article:modified_time\" content=\"2026-03-07T17:32:56+00:00\" \/>\n<meta name=\"twitter:card\" content=\"summary_large_image\" \/>\n<script type=\"application\/ld+json\" class=\"yoast-schema-graph\">{\"@context\":\"https:\\\/\\\/schema.org\",\"@graph\":[{\"@type\":\"WebPage\",\"@id\":\"https:\\\/\\\/test.frauenaerztin-dr-kellner.at\\\/kontakt-2\\\/\",\"url\":\"https:\\\/\\\/test.frauenaerztin-dr-kellner.at\\\/kontakt-2\\\/\",\"name\":\"Kontakt - Dr. Alevtina Kellner - Frauen\u00e4rztin\",\"isPartOf\":{\"@id\":\"https:\\\/\\\/test.frauenaerztin-dr-kellner.at\\\/#website\"},\"datePublished\":\"2022-12-01T23:15:00+00:00\",\"dateModified\":\"2026-03-07T17:32:56+00:00\",\"breadcrumb\":{\"@id\":\"https:\\\/\\\/test.frauenaerztin-dr-kellner.at\\\/kontakt-2\\\/#breadcrumb\"},\"inLanguage\":\"ru-RU\",\"potentialAction\":[{\"@type\":\"ReadAction\",\"target\":[\"https:\\\/\\\/test.frauenaerztin-dr-kellner.at\\\/kontakt-2\\\/\"]}]},{\"@type\":\"BreadcrumbList\",\"@id\":\"https:\\\/\\\/test.frauenaerztin-dr-kellner.at\\\/kontakt-2\\\/#breadcrumb\",\"itemListElement\":[{\"@type\":\"ListItem\",\"position\":1,\"name\":\"Startseite\",\"item\":\"https:\\\/\\\/test.frauenaerztin-dr-kellner.at\\\/\"},{\"@type\":\"ListItem\",\"position\":2,\"name\":\"Kontakt\"}]},{\"@type\":\"WebSite\",\"@id\":\"https:\\\/\\\/test.frauenaerztin-dr-kellner.at\\\/#website\",\"url\":\"https:\\\/\\\/test.frauenaerztin-dr-kellner.at\\\/\",\"name\":\"Dr. Alevtina Kellner - Frauen\u00e4rztin\",\"description\":\"Fach\u00e4rztin f\u00fcr Frauenheilkunde und Geburtshilfe (Gyn\u00e4kologie)\",\"potentialAction\":[{\"@type\":\"SearchAction\",\"target\":{\"@type\":\"EntryPoint\",\"urlTemplate\":\"https:\\\/\\\/test.frauenaerztin-dr-kellner.at\\\/?s={search_term_string}\"},\"query-input\":{\"@type\":\"PropertyValueSpecification\",\"valueRequired\":true,\"valueName\":\"search_term_string\"}}],\"inLanguage\":\"ru-RU\"}]}<\/script>\n<!-- \/ Yoast SEO plugin. -->","yoast_head_json":{"title":"Kontakt - Dr. Alevtina Kellner - Frauen\u00e4rztin","robots":{"index":"index","follow":"follow","max-snippet":"max-snippet:-1","max-image-preview":"max-image-preview:large","max-video-preview":"max-video-preview:-1"},"canonical":"https:\/\/test.frauenaerztin-dr-kellner.at\/ru\/kontakt-2\/","og_locale":"ru_RU","og_type":"article","og_title":"Kontakt - Dr. Alevtina Kellner - Frauen\u00e4rztin","og_description":"F\u00fcr eine Terminvereinbarung nutzen Sie bitte die Online-Reservierung. Kommen Sie bitte nicht ohne Termin in die Ordination.Sie k\u00f6nnen uns auch telefonisch unter der Nummer +43 (0)1 890 20 80 w\u00e4hrend der Ordinationszeiten erreichen. Aufgrund von \u00dcberlastungen kann es hier zu l\u00e4ngeren Wartezeiten kommen.","og_url":"https:\/\/test.frauenaerztin-dr-kellner.at\/ru\/kontakt-2\/","og_site_name":"Dr. Alevtina Kellner - Frauen\u00e4rztin","article_modified_time":"2026-03-07T17:32:56+00:00","twitter_card":"summary_large_image","schema":{"@context":"https:\/\/schema.org","@graph":[{"@type":"WebPage","@id":"https:\/\/test.frauenaerztin-dr-kellner.at\/kontakt-2\/","url":"https:\/\/test.frauenaerztin-dr-kellner.at\/kontakt-2\/","name":"Kontakt - Dr. Alevtina Kellner - Frauen\u00e4rztin","isPartOf":{"@id":"https:\/\/test.frauenaerztin-dr-kellner.at\/#website"},"datePublished":"2022-12-01T23:15:00+00:00","dateModified":"2026-03-07T17:32:56+00:00","breadcrumb":{"@id":"https:\/\/test.frauenaerztin-dr-kellner.at\/kontakt-2\/#breadcrumb"},"inLanguage":"ru-RU","potentialAction":[{"@type":"ReadAction","target":["https:\/\/test.frauenaerztin-dr-kellner.at\/kontakt-2\/"]}]},{"@type":"BreadcrumbList","@id":"https:\/\/test.frauenaerztin-dr-kellner.at\/kontakt-2\/#breadcrumb","itemListElement":[{"@type":"ListItem","position":1,"name":"Startseite","item":"https:\/\/test.frauenaerztin-dr-kellner.at\/"},{"@type":"ListItem","position":2,"name":"Kontakt"}]},{"@type":"WebSite","@id":"https:\/\/test.frauenaerztin-dr-kellner.at\/#website","url":"https:\/\/test.frauenaerztin-dr-kellner.at\/","name":"Dr. Alevtina Kellner - Frauen\u00e4rztin","description":"\u0412\u0440\u0430\u0447 \u0430\u043a\u0443\u0448\u0435\u0440 - \u0433\u0438\u043d\u0435\u043a\u043e\u043b\u043e\u0433","potentialAction":[{"@type":"SearchAction","target":{"@type":"EntryPoint","urlTemplate":"https:\/\/test.frauenaerztin-dr-kellner.at\/?s={search_term_string}"},"query-input":{"@type":"PropertyValueSpecification","valueRequired":true,"valueName":"search_term_string"}}],"inLanguage":"ru-RU"}]}},"_links":{"self":[{"href":"https:\/\/test.frauenaerztin-dr-kellner.at\/ru\/wp-json\/wp\/v2\/pages\/473","targetHints":{"allow":["GET"]}}],"collection":[{"href":"https:\/\/test.frauenaerztin-dr-kellner.at\/ru\/wp-json\/wp\/v2\/pages"}],"about":[{"href":"https:\/\/test.frauenaerztin-dr-kellner.at\/ru\/wp-json\/wp\/v2\/types\/page"}],"author":[{"embeddable":true,"href":"https:\/\/test.frauenaerztin-dr-kellner.at\/ru\/wp-json\/wp\/v2\/users\/1"}],"replies":[{"embeddable":true,"href":"https:\/\/test.frauenaerztin-dr-kellner.at\/ru\/wp-json\/wp\/v2\/comments?post=473"}],"version-history":[{"count":2,"href":"https:\/\/test.frauenaerztin-dr-kellner.at\/ru\/wp-json\/wp\/v2\/pages\/473\/revisions"}],"predecessor-version":[{"id":555,"href":"https:\/\/test.frauenaerztin-dr-kellner.at\/ru\/wp-json\/wp\/v2\/pages\/473\/revisions\/555"}],"wp:attachment":[{"href":"https:\/\/test.frauenaerztin-dr-kellner.at\/ru\/wp-json\/wp\/v2\/media?parent=473"}],"curies":[{"name":"wp","href":"https:\/\/api.w.org\/{rel}","templated":true}]}}