{"id":601,"date":"2026-03-18T16:56:57","date_gmt":"2026-03-18T15:56:57","guid":{"rendered":"https:\/\/test.frauenaerztin-dr-kellner.at\/?page_id=601"},"modified":"2026-03-18T16:56:58","modified_gmt":"2026-03-18T15:56:58","slug":"datenschutzerklaerung-2","status":"publish","type":"page","link":"https:\/\/test.frauenaerztin-dr-kellner.at\/de\/datenschutzerklaerung-2\/","title":{"rendered":"Datenschutzerkl\u00e4rung"},"content":{"rendered":"\n<p>Der Schutz Ihrer pers\u00f6nlichen Daten ist uns ein Anliegen. Wir verarbeiten Ihre Daten daher ausschlie\u00dflich auf Grundlage der gesetzlichen Bestimmungen (insbesondere DSGVO und TKG 2003).<\/p>\n\n\n\n<p><strong>Verantwortlich:<\/strong><br>Dr. Alevtina Kellner, Anton-Baumgartner-Str. 44, 1230 Wien<br>Telefon +43&nbsp;890 20 80<\/p>\n\n\n\n<p><strong>Hosting<\/strong><br>Unsere Website wird bei i5next.com gehostet. Im Rahmen des Hostings werden personenbezogene Daten verarbeitet, die beim Besuch der Website anfallen (z. B. IP-Adresse, Zugriffszeiten).Mit dem Hosting-Anbieter besteht ein Vertrag zur Auftragsverarbeitung gem\u00e4\u00df Art. 28 DSGVO.<br>Beim Besuch unserer Website werden automatisch folgende Daten erhoben und in sogenannten Server-Logfiles gespeichert:<br>IP-Adresse, Datum und Uhrzeit der Anfrage, aufgerufene Seite, Browsertyp und -version, Betriebssystem, Referrer URL<br>Diese Daten sind technisch erforderlich, um die Website anzuzeigen und die Stabilit\u00e4t sowie Sicherheit zu gew\u00e4hrleisten.<br>Die Daten werden nicht ohne Ihre Einwilligung weitergegeben.<\/p>\n\n\n\n<p><strong>Kontaktaufnahm<\/strong>e<br>Sie k\u00f6nnen mit uns telefonisch Kontakt aufnehmen. Gegebenenfalls &nbsp;werden Ihre Angaben (z. B. Name, Telefonnummer, Anliegen) zum Zweck der Bearbeitung notiert. Telefon: 01&nbsp;890 20 80.<br>\u00dcber diese Website selbst k\u00f6nnen keine personenbezogenen Daten eingegeben oder \u00fcbermittelt werden.<\/p>\n\n\n\n<p><strong>Cookies<\/strong><br>Unsere Website verwendet Cookies. Dabei handelt es sich um kleine Textdateien, die auf Ihrem Endger\u00e4t gespeichert werden.<br>Einige Cookies sind technisch notwendig, andere dienen der Analyse Ihres Nutzerverhaltens. <br>Sie k\u00f6nnen Ihren Browser so einrichten, dass er Sie \u00fcber das Setzen von Cookies informiert und dies nur im Einzelfall erlaubt oder generell ausschlie\u00dft.<br><\/p>\n\n\n\n<p><strong>Web-Analyse<\/strong> (Google Analytics)<br>Diese Website verwendet Google Analytics, einen Webanalysedienst der Google Ireland Limited. Google Analytics verwendet Cookies, die eine Analyse der Benutzung der Website durch Ihre Benutzer erm\u00f6glicht.<br>Die dadurch erzeugten Informationen werden in der Regel an einen Server von Google \u00fcbertragen und dort gespeichert. Wir verwenden Google Analytics mit aktivierter IP-Anonymisierung. Dadurch wird Ihre IP-Adresse von Google innerhalb der EU bzw. des EWR gek\u00fcrzt.<br>Die Verarbeitung erfolgt auf Grundlage Ihrer Einwilligung gem\u00e4\u00df Art. 6 Abs. 1 lit. a DSGVO. Sie k\u00f6nnen Ihre Einwilligung jederzeit widerrufen oder die Speicherung der Cookies durch entsprechende Einstellungen Ihrer Browser-Software verhindern.<\/p>\n\n\n\n<p><strong>Ihre Rechte<\/strong><br>Ihnen stehen grunds\u00e4tzlich folgende Rechte zu:<br>Recht auf Auskunft (Art. 15 DSGVO), Recht auf Berichtigung (Art. 16 DSGVO), Recht auf L\u00f6schung (Art. 17 DSGVO), Recht auf Einschr\u00e4nkung der Verarbeitung (Art. 18 DSGVO), Recht auf Daten\u00fcbertragbarkeit (Art. 20 DSGVO), Widerspruchsrecht (Art. 21 DSGVO).<br>Wenn Sie der Ansicht sind, dass die Verarbeitung Ihrer Daten gegen das Datenschutzrecht verst\u00f6\u00dft, haben Sie das Recht, sich bei der \u00f6sterreichischen Datenschutzbeh\u00f6rde zu beschweren.<br><\/p>\n\n\n\n<p><strong>Datensicherheit<\/strong><br>Wir setzen technische und organisatorische Sicherheitsma\u00dfnahmen ein, um Ihre Daten vor Verlust, Manipulation oder unberechtigtem Zugriff zu sch\u00fctzen.<br><br><strong>\u00c4nderungen dieser Datenschutzerkl\u00e4rung<\/strong><br>Wir behalten uns vor, diese Datenschutzerkl\u00e4rung bei Bedarf anzupassen, damit sie stets den aktuellen rechtlichen Anforderungen entspricht.<\/p>\n","protected":false},"excerpt":{"rendered":"<p>Der Schutz Ihrer pers\u00f6nlichen Daten ist uns ein Anliegen. Wir verarbeiten Ihre Daten daher ausschlie\u00dflich auf Grundlage der gesetzlichen Bestimmungen (insbesondere DSGVO und TKG 2003). Verantwortlich:Dr. Alevtina Kellner, Anton-Baumgartner-Str. 44, 1230 WienTelefon +43&nbsp;890 20 80 HostingUnsere Website wird bei i5next.com gehostet. Im Rahmen des Hostings werden personenbezogene Daten verarbeitet, die beim Besuch der Website anfallen&#8230;<\/p>\n","protected":false},"author":1,"featured_media":0,"parent":0,"menu_order":0,"comment_status":"closed","ping_status":"closed","template":"","meta":{"footnotes":""},"class_list":["post-601","page","type-page","status-publish","hentry"],"yoast_head":"<!-- This site is optimized with the Yoast SEO plugin v27.3 - https:\/\/yoast.com\/product\/yoast-seo-wordpress\/ -->\n<title>Datenschutzerkl\u00e4rung - Dr. Alevtina Kellner - Frauen\u00e4rztin<\/title>\n<meta name=\"robots\" content=\"index, follow, max-snippet:-1, max-image-preview:large, max-video-preview:-1\" \/>\n<link rel=\"canonical\" href=\"https:\/\/test.frauenaerztin-dr-kellner.at\/de\/datenschutzerklaerung-2\/\" \/>\n<meta property=\"og:locale\" content=\"de_DE\" \/>\n<meta property=\"og:type\" content=\"article\" \/>\n<meta property=\"og:title\" content=\"Datenschutzerkl\u00e4rung - Dr. Alevtina Kellner - Frauen\u00e4rztin\" \/>\n<meta property=\"og:description\" content=\"Der Schutz Ihrer pers\u00f6nlichen Daten ist uns ein Anliegen. Wir verarbeiten Ihre Daten daher ausschlie\u00dflich auf Grundlage der gesetzlichen Bestimmungen (insbesondere DSGVO und TKG 2003). Verantwortlich:Dr. Alevtina Kellner, Anton-Baumgartner-Str. 44, 1230 WienTelefon +43&nbsp;890 20 80 HostingUnsere Website wird bei i5next.com gehostet. Im Rahmen des Hostings werden personenbezogene Daten verarbeitet, die beim Besuch der Website anfallen...\" \/>\n<meta property=\"og:url\" content=\"https:\/\/test.frauenaerztin-dr-kellner.at\/de\/datenschutzerklaerung-2\/\" \/>\n<meta property=\"og:site_name\" content=\"Dr. Alevtina Kellner - Frauen\u00e4rztin\" \/>\n<meta property=\"article:modified_time\" content=\"2026-03-18T15:56:58+00:00\" \/>\n<meta name=\"twitter:card\" content=\"summary_large_image\" \/>\n<meta name=\"twitter:label1\" content=\"Gesch\u00e4tzte Lesezeit\" \/>\n\t<meta name=\"twitter:data1\" content=\"2\u00a0Minuten\" \/>\n<script type=\"application\/ld+json\" class=\"yoast-schema-graph\">{\"@context\":\"https:\\\/\\\/schema.org\",\"@graph\":[{\"@type\":\"WebPage\",\"@id\":\"https:\\\/\\\/test.frauenaerztin-dr-kellner.at\\\/datenschutzerklaerung-2\\\/\",\"url\":\"https:\\\/\\\/test.frauenaerztin-dr-kellner.at\\\/datenschutzerklaerung-2\\\/\",\"name\":\"Datenschutzerkl\u00e4rung - Dr. Alevtina Kellner - Frauen\u00e4rztin\",\"isPartOf\":{\"@id\":\"https:\\\/\\\/test.frauenaerztin-dr-kellner.at\\\/#website\"},\"datePublished\":\"2026-03-18T15:56:57+00:00\",\"dateModified\":\"2026-03-18T15:56:58+00:00\",\"breadcrumb\":{\"@id\":\"https:\\\/\\\/test.frauenaerztin-dr-kellner.at\\\/datenschutzerklaerung-2\\\/#breadcrumb\"},\"inLanguage\":\"de\",\"potentialAction\":[{\"@type\":\"ReadAction\",\"target\":[\"https:\\\/\\\/test.frauenaerztin-dr-kellner.at\\\/datenschutzerklaerung-2\\\/\"]}]},{\"@type\":\"BreadcrumbList\",\"@id\":\"https:\\\/\\\/test.frauenaerztin-dr-kellner.at\\\/datenschutzerklaerung-2\\\/#breadcrumb\",\"itemListElement\":[{\"@type\":\"ListItem\",\"position\":1,\"name\":\"Startseite\",\"item\":\"https:\\\/\\\/test.frauenaerztin-dr-kellner.at\\\/\"},{\"@type\":\"ListItem\",\"position\":2,\"name\":\"Datenschutzerkl\u00e4rung\"}]},{\"@type\":\"WebSite\",\"@id\":\"https:\\\/\\\/test.frauenaerztin-dr-kellner.at\\\/#website\",\"url\":\"https:\\\/\\\/test.frauenaerztin-dr-kellner.at\\\/\",\"name\":\"Dr. Alevtina Kellner - Frauen\u00e4rztin\",\"description\":\"Fach\u00e4rztin f\u00fcr Frauenheilkunde und Geburtshilfe (Gyn\u00e4kologie)\",\"potentialAction\":[{\"@type\":\"SearchAction\",\"target\":{\"@type\":\"EntryPoint\",\"urlTemplate\":\"https:\\\/\\\/test.frauenaerztin-dr-kellner.at\\\/?s={search_term_string}\"},\"query-input\":{\"@type\":\"PropertyValueSpecification\",\"valueRequired\":true,\"valueName\":\"search_term_string\"}}],\"inLanguage\":\"de\"}]}<\/script>\n<!-- \/ Yoast SEO plugin. -->","yoast_head_json":{"title":"Datenschutzerkl\u00e4rung - Dr. Alevtina Kellner - Frauen\u00e4rztin","robots":{"index":"index","follow":"follow","max-snippet":"max-snippet:-1","max-image-preview":"max-image-preview:large","max-video-preview":"max-video-preview:-1"},"canonical":"https:\/\/test.frauenaerztin-dr-kellner.at\/de\/datenschutzerklaerung-2\/","og_locale":"de_DE","og_type":"article","og_title":"Datenschutzerkl\u00e4rung - Dr. Alevtina Kellner - Frauen\u00e4rztin","og_description":"Der Schutz Ihrer pers\u00f6nlichen Daten ist uns ein Anliegen. Wir verarbeiten Ihre Daten daher ausschlie\u00dflich auf Grundlage der gesetzlichen Bestimmungen (insbesondere DSGVO und TKG 2003). Verantwortlich:Dr. Alevtina Kellner, Anton-Baumgartner-Str. 44, 1230 WienTelefon +43&nbsp;890 20 80 HostingUnsere Website wird bei i5next.com gehostet. Im Rahmen des Hostings werden personenbezogene Daten verarbeitet, die beim Besuch der Website anfallen...","og_url":"https:\/\/test.frauenaerztin-dr-kellner.at\/de\/datenschutzerklaerung-2\/","og_site_name":"Dr. Alevtina Kellner - Frauen\u00e4rztin","article_modified_time":"2026-03-18T15:56:58+00:00","twitter_card":"summary_large_image","twitter_misc":{"Gesch\u00e4tzte Lesezeit":"2\u00a0Minuten"},"schema":{"@context":"https:\/\/schema.org","@graph":[{"@type":"WebPage","@id":"https:\/\/test.frauenaerztin-dr-kellner.at\/datenschutzerklaerung-2\/","url":"https:\/\/test.frauenaerztin-dr-kellner.at\/datenschutzerklaerung-2\/","name":"Datenschutzerkl\u00e4rung - Dr. Alevtina Kellner - Frauen\u00e4rztin","isPartOf":{"@id":"https:\/\/test.frauenaerztin-dr-kellner.at\/#website"},"datePublished":"2026-03-18T15:56:57+00:00","dateModified":"2026-03-18T15:56:58+00:00","breadcrumb":{"@id":"https:\/\/test.frauenaerztin-dr-kellner.at\/datenschutzerklaerung-2\/#breadcrumb"},"inLanguage":"de","potentialAction":[{"@type":"ReadAction","target":["https:\/\/test.frauenaerztin-dr-kellner.at\/datenschutzerklaerung-2\/"]}]},{"@type":"BreadcrumbList","@id":"https:\/\/test.frauenaerztin-dr-kellner.at\/datenschutzerklaerung-2\/#breadcrumb","itemListElement":[{"@type":"ListItem","position":1,"name":"Startseite","item":"https:\/\/test.frauenaerztin-dr-kellner.at\/"},{"@type":"ListItem","position":2,"name":"Datenschutzerkl\u00e4rung"}]},{"@type":"WebSite","@id":"https:\/\/test.frauenaerztin-dr-kellner.at\/#website","url":"https:\/\/test.frauenaerztin-dr-kellner.at\/","name":"Dr. Alevtina Kellner - Frauen\u00e4rztin","description":"Fach\u00e4rztin f\u00fcr Frauenheilkunde und Geburtshilfe (Gyn\u00e4kologie)","potentialAction":[{"@type":"SearchAction","target":{"@type":"EntryPoint","urlTemplate":"https:\/\/test.frauenaerztin-dr-kellner.at\/?s={search_term_string}"},"query-input":{"@type":"PropertyValueSpecification","valueRequired":true,"valueName":"search_term_string"}}],"inLanguage":"de"}]}},"_links":{"self":[{"href":"https:\/\/test.frauenaerztin-dr-kellner.at\/de\/wp-json\/wp\/v2\/pages\/601","targetHints":{"allow":["GET"]}}],"collection":[{"href":"https:\/\/test.frauenaerztin-dr-kellner.at\/de\/wp-json\/wp\/v2\/pages"}],"about":[{"href":"https:\/\/test.frauenaerztin-dr-kellner.at\/de\/wp-json\/wp\/v2\/types\/page"}],"author":[{"embeddable":true,"href":"https:\/\/test.frauenaerztin-dr-kellner.at\/de\/wp-json\/wp\/v2\/users\/1"}],"replies":[{"embeddable":true,"href":"https:\/\/test.frauenaerztin-dr-kellner.at\/de\/wp-json\/wp\/v2\/comments?post=601"}],"version-history":[{"count":1,"href":"https:\/\/test.frauenaerztin-dr-kellner.at\/de\/wp-json\/wp\/v2\/pages\/601\/revisions"}],"predecessor-version":[{"id":602,"href":"https:\/\/test.frauenaerztin-dr-kellner.at\/de\/wp-json\/wp\/v2\/pages\/601\/revisions\/602"}],"wp:attachment":[{"href":"https:\/\/test.frauenaerztin-dr-kellner.at\/de\/wp-json\/wp\/v2\/media?parent=601"}],"curies":[{"name":"wp","href":"https:\/\/api.w.org\/{rel}","templated":true}]}}