{"id":5,"date":"2021-07-05T11:25:37","date_gmt":"2021-07-05T09:25:37","guid":{"rendered":"https:\/\/frauenaerztin-dr-kellner.at\/?page_id=5"},"modified":"2026-03-13T23:29:38","modified_gmt":"2026-03-13T22:29:38","slug":"gestalte-deine-website-mit-bloecken","status":"publish","type":"page","link":"https:\/\/test.frauenaerztin-dr-kellner.at\/de\/","title":{"rendered":"Willkommen auf den Webseiten von Dr. Alevtina Kellner!"},"content":{"rendered":"\n<div class=\"wp-block-columns alignwide are-vertically-aligned-top is-layout-flex wp-container-core-columns-is-layout-9d6595d7 wp-block-columns-is-layout-flex\">\n<div class=\"wp-block-column is-vertically-aligned-top is-layout-flow wp-block-column-is-layout-flow\">\n<p>Als Fach\u00e4rztin f\u00fcr Frauenheilkunde und Geburtshilfe mit jahrelanger Erfahrung freue ich mich, meine Erfahrung und mein Wissen f\u00fcr die Betreuung meiner Patietinnen einzusetzen.<br>Meine gyn\u00e4kologische Ordination befindet sich im 23. Wiener Bezirk, <strong>U 6<\/strong> Haltestelle <strong>Alt Erlaa<\/strong> im \u00c4rztezentrum S\u00fcd.<br><\/p>\n\n\n\n<p>Bitte reservieren Sie<strong> UNBEDINGT<\/strong> einen <strong>TERMIN<\/strong>:<br><a href=\"https:\/\/termin.docfinder.at\/booking\/dr-alevtina-kellner-26yzgb1e5\">Termin online hier buchen<\/a><\/p>\n<\/div>\n\n\n\n<div class=\"wp-block-column is-vertically-aligned-top is-layout-flow wp-block-column-is-layout-flow\">\n<figure class=\"wp-block-image size-large\"><img loading=\"lazy\" decoding=\"async\" width=\"859\" height=\"1024\" src=\"https:\/\/test.frauenaerztin-dr-kellner.at\/wp-content\/uploads\/2026\/03\/Frauenaerztin-1b-1-859x1024.jpg\" alt=\"\" class=\"wp-image-585\" srcset=\"https:\/\/test.frauenaerztin-dr-kellner.at\/wp-content\/uploads\/2026\/03\/Frauenaerztin-1b-1-859x1024.jpg 859w, https:\/\/test.frauenaerztin-dr-kellner.at\/wp-content\/uploads\/2026\/03\/Frauenaerztin-1b-1-252x300.jpg 252w, https:\/\/test.frauenaerztin-dr-kellner.at\/wp-content\/uploads\/2026\/03\/Frauenaerztin-1b-1-768x916.jpg 768w, https:\/\/test.frauenaerztin-dr-kellner.at\/wp-content\/uploads\/2026\/03\/Frauenaerztin-1b-1-10x12.jpg 10w, https:\/\/test.frauenaerztin-dr-kellner.at\/wp-content\/uploads\/2026\/03\/Frauenaerztin-1b-1-300x358.jpg 300w, https:\/\/test.frauenaerztin-dr-kellner.at\/wp-content\/uploads\/2026\/03\/Frauenaerztin-1b-1-850x1013.jpg 850w, https:\/\/test.frauenaerztin-dr-kellner.at\/wp-content\/uploads\/2026\/03\/Frauenaerztin-1b-1.jpg 1014w\" sizes=\"auto, (max-width: 859px) 100vw, 859px\" \/><figcaption class=\"wp-element-caption\">Dr. Alevtina Kellner<\/figcaption><\/figure>\n<\/div>\n<\/div>\n\n\n\n<div class=\"wp-block-columns alignwide are-vertically-aligned-top is-layout-flex wp-container-core-columns-is-layout-9d6595d7 wp-block-columns-is-layout-flex\">\n<div class=\"wp-block-column is-vertically-aligned-top is-layout-flow wp-block-column-is-layout-flow\">\n<h3 class=\"wp-block-heading\"><mark style=\"background-color:rgba(0, 0, 0, 0);color:#3d1e7a\" class=\"has-inline-color\">Frauengesundheit<\/mark><\/h3>\n\n\n\n<p>Sich gesund und wohl zu f\u00fchlen ist ein wichtiges Fundament des Wohlbefindens in unserem Leben. Achten Sie auf das hohe Gut der Gesundheit &#8230;<a href=\"https:\/\/frauenaerztin-dr-kellner.at\/de\/leistungen#accordion-item-1-panel\">mehr<\/a><\/p>\n<\/div>\n\n\n\n<div class=\"wp-block-column is-vertically-aligned-top is-layout-flow wp-block-column-is-layout-flow\">\n<h3 class=\"wp-block-heading\"><mark style=\"background-color:rgba(0, 0, 0, 0);color:#3d1e7a\" class=\"has-inline-color\">Vorsorgeuntersuchung<\/mark><\/h3>\n\n\n\n<p>Der j\u00e4hrliche Gang zur Vorsorgeuntersuchung&#8230; <a href=\"https:\/\/frauenaerztin-dr-kellner.at\/de\/leistungen#accordion-item-2-panel\">weitere Informationen<\/a><\/p>\n<\/div>\n\n\n\n<div class=\"wp-block-column is-vertically-aligned-top is-layout-flow wp-block-column-is-layout-flow\">\n<h3 class=\"wp-block-heading\"><mark style=\"background-color:rgba(242, 242, 242, 242);color:#3d1e7a\" class=\"has-inline-color\">Schwangerschaft<\/mark><\/h3>\n\n\n\n<p>Mutter-Kind-Pass<br>Betreuung w\u00e4hrend der Schwangerschaft<br>Betreuung nach der Geburt<br><a href=\"https:\/\/frauenaerztin-dr-kellner.at\/de\/leistungen#accordion-item-3-panel\" class=\"dfbook-booking-link\">weitere Informationen<\/a><\/p>\n<\/div>\n<\/div>\n\n\n\n<div class=\"wp-block-columns is-layout-flex wp-container-core-columns-is-layout-9d6595d7 wp-block-columns-is-layout-flex\">\n<div class=\"wp-block-column is-layout-flow wp-block-column-is-layout-flow\">\n<h2 class=\"wp-block-heading\">Gyn\u00e4kologische Laserbehandlungen<\/h2>\n\n\n\n<p><a href=\"https:\/\/frauenaerztin-dr-kellner.at\/de\/leistungen#accordion-item-4-panel\">weitere Informationen<\/a><\/p>\n<\/div>\n\n\n\n<div class=\"wp-block-column is-layout-flow wp-block-column-is-layout-flow\">\n<h2 class=\"wp-block-heading\">Ultraschall<\/h2>\n\n\n\n<p><\/p>\n<\/div>\n\n\n\n<div class=\"wp-block-column is-layout-flow wp-block-column-is-layout-flow\">\n<h2 class=\"wp-block-heading\">Elektro-Chirurgie<\/h2>\n\n\n\n<p><\/p>\n<\/div>\n<\/div>\n\n\n\n<div class=\"wp-block-columns is-layout-flex wp-container-core-columns-is-layout-9d6595d7 wp-block-columns-is-layout-flex\">\n<div class=\"wp-block-column is-layout-flow wp-block-column-is-layout-flow\">\n<h2 class=\"wp-block-heading\">Mikrobiologische Analyse<\/h2>\n<\/div>\n\n\n\n<div class=\"wp-block-column is-layout-flow wp-block-column-is-layout-flow\">\n<h2 class=\"wp-block-heading\">Impfungen<\/h2>\n<\/div>\n\n\n\n<div class=\"wp-block-column is-layout-flow wp-block-column-is-layout-flow\">\n<h2 class=\"wp-block-heading\">Hormonberatung<\/h2>\n<\/div>\n<\/div>\n","protected":false},"excerpt":{"rendered":"<p>Als Fach\u00e4rztin f\u00fcr Frauenheilkunde und Geburtshilfe mit jahrelanger Erfahrung freue ich mich, meine Erfahrung und mein Wissen f\u00fcr die Betreuung meiner Patietinnen einzusetzen.Meine gyn\u00e4kologische Ordination befindet sich im 23. Wiener Bezirk, U 6 Haltestelle Alt Erlaa im \u00c4rztezentrum S\u00fcd. Bitte reservieren Sie UNBEDINGT einen TERMIN:Termin online hier buchen Frauengesundheit Sich gesund und wohl zu f\u00fchlen&#8230;<\/p>\n","protected":false},"author":1,"featured_media":0,"parent":0,"menu_order":0,"comment_status":"closed","ping_status":"closed","template":"","meta":{"footnotes":""},"class_list":["post-5","page","type-page","status-publish","hentry"],"yoast_head":"<!-- This site is optimized with the Yoast SEO plugin v27.3 - https:\/\/yoast.com\/product\/yoast-seo-wordpress\/ -->\n<title>- Dr. Alevtina Kellner - Frauen\u00e4rztin<\/title>\n<meta name=\"description\" content=\"Dr. Alevtina Kellner - Frauen\u00e4rztin Fach\u00e4rztin f\u00fcr Frauenheilkunde und Geburtshilfe (Gyn\u00e4kologie) 1230 Wien, U6: Alt Erlaa\" \/>\n<meta name=\"robots\" content=\"index, follow, max-snippet:-1, max-image-preview:large, max-video-preview:-1\" \/>\n<link rel=\"canonical\" href=\"https:\/\/test.frauenaerztin-dr-kellner.at\/de\/\" \/>\n<meta property=\"og:locale\" content=\"de_DE\" \/>\n<meta property=\"og:type\" content=\"article\" \/>\n<meta property=\"og:title\" content=\"- Dr. Alevtina Kellner - Frauen\u00e4rztin\" \/>\n<meta property=\"og:description\" content=\"Dr. Alevtina Kellner - Frauen\u00e4rztin Fach\u00e4rztin f\u00fcr Frauenheilkunde und Geburtshilfe (Gyn\u00e4kologie) 1230 Wien, U6: Alt Erlaa\" \/>\n<meta property=\"og:url\" content=\"https:\/\/test.frauenaerztin-dr-kellner.at\/de\/\" \/>\n<meta property=\"og:site_name\" content=\"Dr. Alevtina Kellner - Frauen\u00e4rztin\" \/>\n<meta property=\"article:modified_time\" content=\"2026-03-13T22:29:38+00:00\" \/>\n<meta property=\"og:image\" content=\"https:\/\/test.frauenaerztin-dr-kellner.at\/wp-content\/uploads\/2026\/03\/Frauenaerztin-1b-1.jpg\" \/>\n\t<meta property=\"og:image:width\" content=\"1014\" \/>\n\t<meta property=\"og:image:height\" content=\"1209\" \/>\n\t<meta property=\"og:image:type\" content=\"image\/jpeg\" \/>\n<meta name=\"twitter:card\" content=\"summary_large_image\" \/>\n<meta name=\"twitter:label1\" content=\"Gesch\u00e4tzte Lesezeit\" \/>\n\t<meta name=\"twitter:data1\" content=\"1\u00a0Minute\" \/>\n<script type=\"application\/ld+json\" class=\"yoast-schema-graph\">{\"@context\":\"https:\\\/\\\/schema.org\",\"@graph\":[{\"@type\":\"WebPage\",\"@id\":\"https:\\\/\\\/test.frauenaerztin-dr-kellner.at\\\/\",\"url\":\"https:\\\/\\\/test.frauenaerztin-dr-kellner.at\\\/\",\"name\":\"- Dr. Alevtina Kellner - Frauen\u00e4rztin\",\"isPartOf\":{\"@id\":\"https:\\\/\\\/test.frauenaerztin-dr-kellner.at\\\/#website\"},\"primaryImageOfPage\":{\"@id\":\"https:\\\/\\\/test.frauenaerztin-dr-kellner.at\\\/#primaryimage\"},\"image\":{\"@id\":\"https:\\\/\\\/test.frauenaerztin-dr-kellner.at\\\/#primaryimage\"},\"thumbnailUrl\":\"https:\\\/\\\/test.frauenaerztin-dr-kellner.at\\\/wp-content\\\/uploads\\\/2026\\\/03\\\/Frauenaerztin-1b-1-859x1024.jpg\",\"datePublished\":\"2021-07-05T09:25:37+00:00\",\"dateModified\":\"2026-03-13T22:29:38+00:00\",\"description\":\"Dr. Alevtina Kellner - Frauen\u00e4rztin Fach\u00e4rztin f\u00fcr Frauenheilkunde und Geburtshilfe (Gyn\u00e4kologie) 1230 Wien, U6: Alt Erlaa\",\"breadcrumb\":{\"@id\":\"https:\\\/\\\/test.frauenaerztin-dr-kellner.at\\\/#breadcrumb\"},\"inLanguage\":\"de\",\"potentialAction\":[{\"@type\":\"ReadAction\",\"target\":[\"https:\\\/\\\/test.frauenaerztin-dr-kellner.at\\\/\"]}]},{\"@type\":\"ImageObject\",\"inLanguage\":\"de\",\"@id\":\"https:\\\/\\\/test.frauenaerztin-dr-kellner.at\\\/#primaryimage\",\"url\":\"https:\\\/\\\/test.frauenaerztin-dr-kellner.at\\\/wp-content\\\/uploads\\\/2026\\\/03\\\/Frauenaerztin-1b-1-859x1024.jpg\",\"contentUrl\":\"https:\\\/\\\/test.frauenaerztin-dr-kellner.at\\\/wp-content\\\/uploads\\\/2026\\\/03\\\/Frauenaerztin-1b-1-859x1024.jpg\"},{\"@type\":\"BreadcrumbList\",\"@id\":\"https:\\\/\\\/test.frauenaerztin-dr-kellner.at\\\/#breadcrumb\",\"itemListElement\":[{\"@type\":\"ListItem\",\"position\":1,\"name\":\"Startseite\",\"item\":\"https:\\\/\\\/test.frauenaerztin-dr-kellner.at\\\/\"},{\"@type\":\"ListItem\",\"position\":2,\"name\":\"Willkommen auf den Webseiten von Dr. Alevtina Kellner!\"}]},{\"@type\":\"WebSite\",\"@id\":\"https:\\\/\\\/test.frauenaerztin-dr-kellner.at\\\/#website\",\"url\":\"https:\\\/\\\/test.frauenaerztin-dr-kellner.at\\\/\",\"name\":\"Dr. Alevtina Kellner - Frauen\u00e4rztin\",\"description\":\"Fach\u00e4rztin f\u00fcr Frauenheilkunde und Geburtshilfe (Gyn\u00e4kologie)\",\"potentialAction\":[{\"@type\":\"SearchAction\",\"target\":{\"@type\":\"EntryPoint\",\"urlTemplate\":\"https:\\\/\\\/test.frauenaerztin-dr-kellner.at\\\/?s={search_term_string}\"},\"query-input\":{\"@type\":\"PropertyValueSpecification\",\"valueRequired\":true,\"valueName\":\"search_term_string\"}}],\"inLanguage\":\"de\"}]}<\/script>\n<!-- \/ Yoast SEO plugin. -->","yoast_head_json":{"title":"- Dr. Alevtina Kellner - Frauen\u00e4rztin","description":"Dr. Alevtina Kellner - Frauen\u00e4rztin Fach\u00e4rztin f\u00fcr Frauenheilkunde und Geburtshilfe (Gyn\u00e4kologie) 1230 Wien, U6: Alt Erlaa","robots":{"index":"index","follow":"follow","max-snippet":"max-snippet:-1","max-image-preview":"max-image-preview:large","max-video-preview":"max-video-preview:-1"},"canonical":"https:\/\/test.frauenaerztin-dr-kellner.at\/de\/","og_locale":"de_DE","og_type":"article","og_title":"- Dr. Alevtina Kellner - Frauen\u00e4rztin","og_description":"Dr. Alevtina Kellner - Frauen\u00e4rztin Fach\u00e4rztin f\u00fcr Frauenheilkunde und Geburtshilfe (Gyn\u00e4kologie) 1230 Wien, U6: Alt Erlaa","og_url":"https:\/\/test.frauenaerztin-dr-kellner.at\/de\/","og_site_name":"Dr. Alevtina Kellner - Frauen\u00e4rztin","article_modified_time":"2026-03-13T22:29:38+00:00","og_image":[{"width":1014,"height":1209,"url":"https:\/\/test.frauenaerztin-dr-kellner.at\/wp-content\/uploads\/2026\/03\/Frauenaerztin-1b-1.jpg","type":"image\/jpeg"}],"twitter_card":"summary_large_image","twitter_misc":{"Gesch\u00e4tzte Lesezeit":"1\u00a0Minute"},"schema":{"@context":"https:\/\/schema.org","@graph":[{"@type":"WebPage","@id":"https:\/\/test.frauenaerztin-dr-kellner.at\/","url":"https:\/\/test.frauenaerztin-dr-kellner.at\/","name":"- Dr. Alevtina Kellner - Frauen\u00e4rztin","isPartOf":{"@id":"https:\/\/test.frauenaerztin-dr-kellner.at\/#website"},"primaryImageOfPage":{"@id":"https:\/\/test.frauenaerztin-dr-kellner.at\/#primaryimage"},"image":{"@id":"https:\/\/test.frauenaerztin-dr-kellner.at\/#primaryimage"},"thumbnailUrl":"https:\/\/test.frauenaerztin-dr-kellner.at\/wp-content\/uploads\/2026\/03\/Frauenaerztin-1b-1-859x1024.jpg","datePublished":"2021-07-05T09:25:37+00:00","dateModified":"2026-03-13T22:29:38+00:00","description":"Dr. Alevtina Kellner - Frauen\u00e4rztin Fach\u00e4rztin f\u00fcr Frauenheilkunde und Geburtshilfe (Gyn\u00e4kologie) 1230 Wien, U6: Alt Erlaa","breadcrumb":{"@id":"https:\/\/test.frauenaerztin-dr-kellner.at\/#breadcrumb"},"inLanguage":"de","potentialAction":[{"@type":"ReadAction","target":["https:\/\/test.frauenaerztin-dr-kellner.at\/"]}]},{"@type":"ImageObject","inLanguage":"de","@id":"https:\/\/test.frauenaerztin-dr-kellner.at\/#primaryimage","url":"https:\/\/test.frauenaerztin-dr-kellner.at\/wp-content\/uploads\/2026\/03\/Frauenaerztin-1b-1-859x1024.jpg","contentUrl":"https:\/\/test.frauenaerztin-dr-kellner.at\/wp-content\/uploads\/2026\/03\/Frauenaerztin-1b-1-859x1024.jpg"},{"@type":"BreadcrumbList","@id":"https:\/\/test.frauenaerztin-dr-kellner.at\/#breadcrumb","itemListElement":[{"@type":"ListItem","position":1,"name":"Startseite","item":"https:\/\/test.frauenaerztin-dr-kellner.at\/"},{"@type":"ListItem","position":2,"name":"Willkommen auf den Webseiten von Dr. Alevtina Kellner!"}]},{"@type":"WebSite","@id":"https:\/\/test.frauenaerztin-dr-kellner.at\/#website","url":"https:\/\/test.frauenaerztin-dr-kellner.at\/","name":"Dr. Alevtina Kellner - Frauen\u00e4rztin","description":"Fach\u00e4rztin f\u00fcr Frauenheilkunde und Geburtshilfe (Gyn\u00e4kologie)","potentialAction":[{"@type":"SearchAction","target":{"@type":"EntryPoint","urlTemplate":"https:\/\/test.frauenaerztin-dr-kellner.at\/?s={search_term_string}"},"query-input":{"@type":"PropertyValueSpecification","valueRequired":true,"valueName":"search_term_string"}}],"inLanguage":"de"}]}},"_links":{"self":[{"href":"https:\/\/test.frauenaerztin-dr-kellner.at\/de\/wp-json\/wp\/v2\/pages\/5","targetHints":{"allow":["GET"]}}],"collection":[{"href":"https:\/\/test.frauenaerztin-dr-kellner.at\/de\/wp-json\/wp\/v2\/pages"}],"about":[{"href":"https:\/\/test.frauenaerztin-dr-kellner.at\/de\/wp-json\/wp\/v2\/types\/page"}],"author":[{"embeddable":true,"href":"https:\/\/test.frauenaerztin-dr-kellner.at\/de\/wp-json\/wp\/v2\/users\/1"}],"replies":[{"embeddable":true,"href":"https:\/\/test.frauenaerztin-dr-kellner.at\/de\/wp-json\/wp\/v2\/comments?post=5"}],"version-history":[{"count":1,"href":"https:\/\/test.frauenaerztin-dr-kellner.at\/de\/wp-json\/wp\/v2\/pages\/5\/revisions"}],"predecessor-version":[{"id":598,"href":"https:\/\/test.frauenaerztin-dr-kellner.at\/de\/wp-json\/wp\/v2\/pages\/5\/revisions\/598"}],"wp:attachment":[{"href":"https:\/\/test.frauenaerztin-dr-kellner.at\/de\/wp-json\/wp\/v2\/media?parent=5"}],"curies":[{"name":"wp","href":"https:\/\/api.w.org\/{rel}","templated":true}]}}