{"id":171,"date":"2022-02-05T12:47:11","date_gmt":"2022-02-05T11:47:11","guid":{"rendered":"https:\/\/frauenaerztin-dr-kellner.at\/?page_id=171"},"modified":"2022-05-26T22:44:11","modified_gmt":"2022-05-26T20:44:11","slug":"anfahrt","status":"publish","type":"page","link":"https:\/\/test.frauenaerztin-dr-kellner.at\/de\/anfahrt\/","title":{"rendered":"Anfahrt"},"content":{"rendered":"\n<p>Meine Ordination befindet sich bei der<strong> U 6, Station Alt Erlaa, \u00c4rztezentrum S\u00dcD<\/strong>.<br>Adresse: 1230 Wien, Anton Baumgartner Str. 44\/Top 55.<br>Sie haben mehrere M\u00f6glichkeiten in meine Praxis zu gelangen:<\/p>\n\n\n\n<ul class=\"wp-block-list\"><li>Mit der U 6 nach Alt Erlaa. <\/li><li>Mit den Autobuslinien 60A, 64A, 66A, 67B zur U 6 Alt Erlaa.<\/li><li>Mit dem Auto.<\/li><\/ul>\n\n\n<div class=\"lightweight-accordion has-text-color\"><details><summary class=\"lightweight-accordion-title\" style=\"color:#0693e3;\"><span><strong>Mit der U 6 nach Alt Erlaa<\/strong><\/span><\/summary><div class=\"lightweight-accordion-body\">\n\n<p>Wenn Sie mit der U 6 kommen, k\u00f6nnen Sie trockenen Fu\u00dfes zur Praxis im \u00c4rztezentrum S\u00dcD gelangen:<\/p>\n\n\n\n<ul class=\"wp-block-list\"><li>Aus Richtung Zentrum kommend, steigen Sie in den hinteren Teil des Zuges ein und fahren in der Station mit dem Aufzug 1 Stock tiefer in den Kaufpark (Ebene Wohnpark).<\/li><li>Wenn Sie aus Richtung Siebenhirten kommen, steigen Sie in den vorderen Teil des Zuges, fahren in der Station mit dem Lift ins Erdgescho\u00df und auf der gegen\u00fcberliegenden Seite mit dem Lift in den Kaufpark (Ebene Wohnpark).<\/li><\/ul>\n\n<\/div><\/details><\/div>\n\n<div class=\"lightweight-accordion has-text-color\"><details><summary class=\"lightweight-accordion-title\" style=\"color:#0693e3;\"><span><strong>Mit dem Autobus (60A, 64A, 66A, 67B) zur U 6 Station Alt Erlaa<\/strong><\/span><\/summary><div class=\"lightweight-accordion-body\">\n\n<p>Fahren Sie mit dem Lift in die Kaufpark-Etage (= Wohnpark-Etage). Der weitere Weg ist weiter unten beschrieben.<\/p>\n\n<\/div><\/details><\/div>\n\n<div class=\"lightweight-accordion has-text-color\"><details><summary class=\"lightweight-accordion-title\" style=\"color:#0693e3;\"><span><strong>Mit dem Auto<\/strong><\/span><\/summary><div class=\"lightweight-accordion-body\">\n\n<p>In Wien gilt generell die Kurzparkzone. Im Kaufpark steht eine Besuchergarage zur Verf\u00fcgung. <br>Die erste Stunde ist gratis, dann je angefangene Stund \u20ac 2,50 (Unverbindliche Info).<br>Der Lift f\u00fchrt direkt ins Obergescho\u00df \u00c4rztezentrum. Die Praxis ist gleich neben dem Lift.<\/p>\n\n<\/div><\/details><\/div>\n\n<div class=\"wp-block-image\">\n<figure class=\"alignleft size-full is-resized\"><img loading=\"lazy\" decoding=\"async\" src=\"https:\/\/frauenaerztin-dr-kellner.at\/wp-content\/uploads\/2022\/05\/plan-kaufpark-ordi2.jpg\" alt=\"\" class=\"wp-image-373\" width=\"833\" height=\"408\" srcset=\"https:\/\/test.frauenaerztin-dr-kellner.at\/wp-content\/uploads\/2022\/05\/plan-kaufpark-ordi2.jpg 600w, https:\/\/test.frauenaerztin-dr-kellner.at\/wp-content\/uploads\/2022\/05\/plan-kaufpark-ordi2-300x147.jpg 300w, https:\/\/test.frauenaerztin-dr-kellner.at\/wp-content\/uploads\/2022\/05\/plan-kaufpark-ordi2-18x9.jpg 18w\" sizes=\"auto, (max-width: 833px) 100vw, 833px\" \/><\/figure>\n<\/div>\n\n<div class=\"wp-block-image\">\n<figure class=\"alignright size-full is-resized\"><img loading=\"lazy\" decoding=\"async\" src=\"https:\/\/frauenaerztin-dr-kellner.at\/wp-content\/uploads\/2022\/04\/DSC_0028A.jpg\" alt=\"\" class=\"wp-image-341\" width=\"311\" height=\"165\" srcset=\"https:\/\/test.frauenaerztin-dr-kellner.at\/wp-content\/uploads\/2022\/04\/DSC_0028A.jpg 447w, https:\/\/test.frauenaerztin-dr-kellner.at\/wp-content\/uploads\/2022\/04\/DSC_0028A-300x160.jpg 300w, https:\/\/test.frauenaerztin-dr-kellner.at\/wp-content\/uploads\/2022\/04\/DSC_0028A-18x10.jpg 18w\" sizes=\"auto, (max-width: 311px) 100vw, 311px\" \/><\/figure>\n<\/div>\n\n\n<h2 class=\"has-medium-font-size wp-block-heading\">Ebene Kaufpark<\/h2>\n\n\n\n<p>Vom Lift aus gesehen haben Sie die M\u00f6glichkeit, entweder rechts durch den Kaufparkt oder links den offenen Gang entlang zu gehen. Richtung \u00c4rztezentrum S\u00dcD.<\/p>\n\n\n\n<h2 class=\"has-medium-font-size wp-block-heading\">Bis zur Bank Austria<\/h2>\n\n\n\n<p>Gehen Sie bis zur Bank Austria. Gleich dahinter ist rechts der Lift in das Obergescho\u00df \u00c4rztezentrum S\u00dcD oder links die Stiege.<\/p>\n\n\n\n\n\n\n\n\n","protected":false},"excerpt":{"rendered":"<p>Meine Ordination befindet sich bei der U 6, Station Alt Erlaa, \u00c4rztezentrum S\u00dcD.Adresse: 1230 Wien, Anton Baumgartner Str. 44\/Top 55.Sie haben mehrere M\u00f6glichkeiten in meine Praxis zu gelangen: Mit der U 6 nach Alt Erlaa. Mit den Autobuslinien 60A, 64A, 66A, 67B zur U 6 Alt Erlaa. Mit dem Auto. Ebene Kaufpark Vom Lift aus&#8230;<\/p>\n","protected":false},"author":1,"featured_media":0,"parent":0,"menu_order":0,"comment_status":"closed","ping_status":"closed","template":"","meta":{"footnotes":""},"class_list":["post-171","page","type-page","status-publish","hentry"],"yoast_head":"<!-- This site is optimized with the Yoast SEO plugin v27.3 - https:\/\/yoast.com\/product\/yoast-seo-wordpress\/ -->\n<title>Anfahrt - Dr. Alevtina Kellner - Frauen\u00e4rztin<\/title>\n<meta name=\"robots\" content=\"index, follow, max-snippet:-1, max-image-preview:large, max-video-preview:-1\" \/>\n<link rel=\"canonical\" href=\"https:\/\/test.frauenaerztin-dr-kellner.at\/de\/anfahrt\/\" \/>\n<meta property=\"og:locale\" content=\"de_DE\" \/>\n<meta property=\"og:type\" content=\"article\" \/>\n<meta property=\"og:title\" content=\"Anfahrt - Dr. Alevtina Kellner - Frauen\u00e4rztin\" \/>\n<meta property=\"og:description\" content=\"Meine Ordination befindet sich bei der U 6, Station Alt Erlaa, \u00c4rztezentrum S\u00dcD.Adresse: 1230 Wien, Anton Baumgartner Str. 44\/Top 55.Sie haben mehrere M\u00f6glichkeiten in meine Praxis zu gelangen: Mit der U 6 nach Alt Erlaa. Mit den Autobuslinien 60A, 64A, 66A, 67B zur U 6 Alt Erlaa. Mit dem Auto. Ebene Kaufpark Vom Lift aus...\" \/>\n<meta property=\"og:url\" content=\"https:\/\/test.frauenaerztin-dr-kellner.at\/de\/anfahrt\/\" \/>\n<meta property=\"og:site_name\" content=\"Dr. Alevtina Kellner - Frauen\u00e4rztin\" \/>\n<meta property=\"article:modified_time\" content=\"2022-05-26T20:44:11+00:00\" \/>\n<meta property=\"og:image\" content=\"https:\/\/frauenaerztin-dr-kellner.at\/wp-content\/uploads\/2022\/05\/plan-kaufpark-ordi2.jpg\" \/>\n<meta name=\"twitter:card\" content=\"summary_large_image\" \/>\n<meta name=\"twitter:label1\" content=\"Gesch\u00e4tzte Lesezeit\" \/>\n\t<meta name=\"twitter:data1\" content=\"3\u00a0Minuten\" \/>\n<script type=\"application\/ld+json\" class=\"yoast-schema-graph\">{\"@context\":\"https:\\\/\\\/schema.org\",\"@graph\":[{\"@type\":\"WebPage\",\"@id\":\"https:\\\/\\\/test.frauenaerztin-dr-kellner.at\\\/anfahrt\\\/\",\"url\":\"https:\\\/\\\/test.frauenaerztin-dr-kellner.at\\\/anfahrt\\\/\",\"name\":\"Anfahrt - Dr. Alevtina Kellner - Frauen\u00e4rztin\",\"isPartOf\":{\"@id\":\"https:\\\/\\\/test.frauenaerztin-dr-kellner.at\\\/#website\"},\"primaryImageOfPage\":{\"@id\":\"https:\\\/\\\/test.frauenaerztin-dr-kellner.at\\\/anfahrt\\\/#primaryimage\"},\"image\":{\"@id\":\"https:\\\/\\\/test.frauenaerztin-dr-kellner.at\\\/anfahrt\\\/#primaryimage\"},\"thumbnailUrl\":\"https:\\\/\\\/frauenaerztin-dr-kellner.at\\\/wp-content\\\/uploads\\\/2022\\\/05\\\/plan-kaufpark-ordi2.jpg\",\"datePublished\":\"2022-02-05T11:47:11+00:00\",\"dateModified\":\"2022-05-26T20:44:11+00:00\",\"breadcrumb\":{\"@id\":\"https:\\\/\\\/test.frauenaerztin-dr-kellner.at\\\/anfahrt\\\/#breadcrumb\"},\"inLanguage\":\"de\",\"potentialAction\":[{\"@type\":\"ReadAction\",\"target\":[\"https:\\\/\\\/test.frauenaerztin-dr-kellner.at\\\/anfahrt\\\/\"]}]},{\"@type\":\"ImageObject\",\"inLanguage\":\"de\",\"@id\":\"https:\\\/\\\/test.frauenaerztin-dr-kellner.at\\\/anfahrt\\\/#primaryimage\",\"url\":\"https:\\\/\\\/frauenaerztin-dr-kellner.at\\\/wp-content\\\/uploads\\\/2022\\\/05\\\/plan-kaufpark-ordi2.jpg\",\"contentUrl\":\"https:\\\/\\\/frauenaerztin-dr-kellner.at\\\/wp-content\\\/uploads\\\/2022\\\/05\\\/plan-kaufpark-ordi2.jpg\"},{\"@type\":\"BreadcrumbList\",\"@id\":\"https:\\\/\\\/test.frauenaerztin-dr-kellner.at\\\/anfahrt\\\/#breadcrumb\",\"itemListElement\":[{\"@type\":\"ListItem\",\"position\":1,\"name\":\"Startseite\",\"item\":\"https:\\\/\\\/test.frauenaerztin-dr-kellner.at\\\/\"},{\"@type\":\"ListItem\",\"position\":2,\"name\":\"Anfahrt\"}]},{\"@type\":\"WebSite\",\"@id\":\"https:\\\/\\\/test.frauenaerztin-dr-kellner.at\\\/#website\",\"url\":\"https:\\\/\\\/test.frauenaerztin-dr-kellner.at\\\/\",\"name\":\"Dr. Alevtina Kellner - Frauen\u00e4rztin\",\"description\":\"Fach\u00e4rztin f\u00fcr Frauenheilkunde und Geburtshilfe (Gyn\u00e4kologie)\",\"potentialAction\":[{\"@type\":\"SearchAction\",\"target\":{\"@type\":\"EntryPoint\",\"urlTemplate\":\"https:\\\/\\\/test.frauenaerztin-dr-kellner.at\\\/?s={search_term_string}\"},\"query-input\":{\"@type\":\"PropertyValueSpecification\",\"valueRequired\":true,\"valueName\":\"search_term_string\"}}],\"inLanguage\":\"de\"}]}<\/script>\n<!-- \/ Yoast SEO plugin. -->","yoast_head_json":{"title":"Anfahrt - Dr. Alevtina Kellner - Frauen\u00e4rztin","robots":{"index":"index","follow":"follow","max-snippet":"max-snippet:-1","max-image-preview":"max-image-preview:large","max-video-preview":"max-video-preview:-1"},"canonical":"https:\/\/test.frauenaerztin-dr-kellner.at\/de\/anfahrt\/","og_locale":"de_DE","og_type":"article","og_title":"Anfahrt - Dr. Alevtina Kellner - Frauen\u00e4rztin","og_description":"Meine Ordination befindet sich bei der U 6, Station Alt Erlaa, \u00c4rztezentrum S\u00dcD.Adresse: 1230 Wien, Anton Baumgartner Str. 44\/Top 55.Sie haben mehrere M\u00f6glichkeiten in meine Praxis zu gelangen: Mit der U 6 nach Alt Erlaa. Mit den Autobuslinien 60A, 64A, 66A, 67B zur U 6 Alt Erlaa. Mit dem Auto. Ebene Kaufpark Vom Lift aus...","og_url":"https:\/\/test.frauenaerztin-dr-kellner.at\/de\/anfahrt\/","og_site_name":"Dr. Alevtina Kellner - Frauen\u00e4rztin","article_modified_time":"2022-05-26T20:44:11+00:00","og_image":[{"url":"https:\/\/frauenaerztin-dr-kellner.at\/wp-content\/uploads\/2022\/05\/plan-kaufpark-ordi2.jpg","type":"","width":"","height":""}],"twitter_card":"summary_large_image","twitter_misc":{"Gesch\u00e4tzte Lesezeit":"3\u00a0Minuten"},"schema":{"@context":"https:\/\/schema.org","@graph":[{"@type":"WebPage","@id":"https:\/\/test.frauenaerztin-dr-kellner.at\/anfahrt\/","url":"https:\/\/test.frauenaerztin-dr-kellner.at\/anfahrt\/","name":"Anfahrt - Dr. Alevtina Kellner - Frauen\u00e4rztin","isPartOf":{"@id":"https:\/\/test.frauenaerztin-dr-kellner.at\/#website"},"primaryImageOfPage":{"@id":"https:\/\/test.frauenaerztin-dr-kellner.at\/anfahrt\/#primaryimage"},"image":{"@id":"https:\/\/test.frauenaerztin-dr-kellner.at\/anfahrt\/#primaryimage"},"thumbnailUrl":"https:\/\/frauenaerztin-dr-kellner.at\/wp-content\/uploads\/2022\/05\/plan-kaufpark-ordi2.jpg","datePublished":"2022-02-05T11:47:11+00:00","dateModified":"2022-05-26T20:44:11+00:00","breadcrumb":{"@id":"https:\/\/test.frauenaerztin-dr-kellner.at\/anfahrt\/#breadcrumb"},"inLanguage":"de","potentialAction":[{"@type":"ReadAction","target":["https:\/\/test.frauenaerztin-dr-kellner.at\/anfahrt\/"]}]},{"@type":"ImageObject","inLanguage":"de","@id":"https:\/\/test.frauenaerztin-dr-kellner.at\/anfahrt\/#primaryimage","url":"https:\/\/frauenaerztin-dr-kellner.at\/wp-content\/uploads\/2022\/05\/plan-kaufpark-ordi2.jpg","contentUrl":"https:\/\/frauenaerztin-dr-kellner.at\/wp-content\/uploads\/2022\/05\/plan-kaufpark-ordi2.jpg"},{"@type":"BreadcrumbList","@id":"https:\/\/test.frauenaerztin-dr-kellner.at\/anfahrt\/#breadcrumb","itemListElement":[{"@type":"ListItem","position":1,"name":"Startseite","item":"https:\/\/test.frauenaerztin-dr-kellner.at\/"},{"@type":"ListItem","position":2,"name":"Anfahrt"}]},{"@type":"WebSite","@id":"https:\/\/test.frauenaerztin-dr-kellner.at\/#website","url":"https:\/\/test.frauenaerztin-dr-kellner.at\/","name":"Dr. Alevtina Kellner - Frauen\u00e4rztin","description":"Fach\u00e4rztin f\u00fcr Frauenheilkunde und Geburtshilfe (Gyn\u00e4kologie)","potentialAction":[{"@type":"SearchAction","target":{"@type":"EntryPoint","urlTemplate":"https:\/\/test.frauenaerztin-dr-kellner.at\/?s={search_term_string}"},"query-input":{"@type":"PropertyValueSpecification","valueRequired":true,"valueName":"search_term_string"}}],"inLanguage":"de"}]}},"_links":{"self":[{"href":"https:\/\/test.frauenaerztin-dr-kellner.at\/de\/wp-json\/wp\/v2\/pages\/171","targetHints":{"allow":["GET"]}}],"collection":[{"href":"https:\/\/test.frauenaerztin-dr-kellner.at\/de\/wp-json\/wp\/v2\/pages"}],"about":[{"href":"https:\/\/test.frauenaerztin-dr-kellner.at\/de\/wp-json\/wp\/v2\/types\/page"}],"author":[{"embeddable":true,"href":"https:\/\/test.frauenaerztin-dr-kellner.at\/de\/wp-json\/wp\/v2\/users\/1"}],"replies":[{"embeddable":true,"href":"https:\/\/test.frauenaerztin-dr-kellner.at\/de\/wp-json\/wp\/v2\/comments?post=171"}],"version-history":[{"count":2,"href":"https:\/\/test.frauenaerztin-dr-kellner.at\/de\/wp-json\/wp\/v2\/pages\/171\/revisions"}],"predecessor-version":[{"id":378,"href":"https:\/\/test.frauenaerztin-dr-kellner.at\/de\/wp-json\/wp\/v2\/pages\/171\/revisions\/378"}],"wp:attachment":[{"href":"https:\/\/test.frauenaerztin-dr-kellner.at\/de\/wp-json\/wp\/v2\/media?parent=171"}],"curies":[{"name":"wp","href":"https:\/\/api.w.org\/{rel}","templated":true}]}}